{"id":470,"date":"2024-01-25T19:24:08","date_gmt":"2024-01-25T18:24:08","guid":{"rendered":"https:\/\/w1ngs.pl\/?post_type=product&#038;p=470"},"modified":"2024-12-25T00:27:56","modified_gmt":"2024-12-24T23:27:56","slug":"%d0%b2%d0%be%d1%80%d0%be%d1%82%d0%b0-%d1%80%d1%83%d0%ba%d0%b0%d0%b2%d0%b8%d1%87%d0%ba%d0%b8-%d0%b3%d0%b5%d0%ba%d1%81%d0%b0-hg-3","status":"publish","type":"product","link":"https:\/\/w1ngs.pl\/ua\/produkt\/rekawice-bramkarskie-hexa-flux-kids\/","title":{"rendered":"\u0412\u043e\u0440\u043e\u0442\u0430\u0440\u0441\u044c\u043a\u0456 \u0440\u0443\u043a\u0430\u0432\u0438\u0446\u0456 HEXA FLUX KIDS"},"content":{"rendered":"<p class=\"margin-bottom margin-small\">\u0420\u0443\u043a\u0430\u0432\u0438\u0447\u043a\u0438 HEXA FLUX \u0431\u0443\u043b\u0438 \u0441\u0442\u0432\u043e\u0440\u0435\u043d\u0456 \u0437 \u0432\u0435\u043b\u0438\u043a\u043e\u044e \u043f\u0440\u0438\u0441\u0442\u0440\u0430\u0441\u0442\u044e, \u043f\u043e\u0454\u0434\u043d\u0443\u044e\u0447\u0438 \u0441\u0443\u0447\u0430\u0441\u043d\u0438\u0439 \u0434\u0438\u0437\u0430\u0439\u043d \u0437 \u0432\u0438\u0441\u043e\u043a\u043e\u044e \u044f\u043a\u0456\u0441\u0442\u044e \u0437\u0430 \u0434\u043e\u0441\u0442\u0443\u043f\u043d\u043e\u044e \u0446\u0456\u043d\u043e\u044e. \u041c\u0438 \u0432 W1NGS \u0432\u0432\u0430\u0436\u0430\u0454\u043c\u043e, \u0449\u043e \u0446\u0456 \u043f\u0430\u0440\u0430\u043c\u0435\u0442\u0440\u0438 \u043d\u0435 \u043f\u043e\u0432\u0438\u043d\u043d\u0456 \u0431\u0443\u0442\u0438 \u0432\u0437\u0430\u0454\u043c\u043e\u0432\u0438\u043a\u043b\u044e\u0447\u043d\u0438\u043c\u0438!<\/p>\n<p>HEXA FLUX - \u0446\u0435 \u043d\u0430\u0448\u0430 \u0432\u0435\u0440\u0441\u0456\u044f \u043d\u0430\u0439\u043f\u043e\u043f\u0443\u043b\u044f\u0440\u043d\u0456\u0448\u043e\u0433\u043e \u043d\u0435\u0433\u0430\u0442\u0438\u0432\u043d\u043e\u0433\u043e \u043a\u0440\u043e\u044e \u043d\u0430 \u0440\u0438\u043d\u043a\u0443. FLUX \u0437\u0430\u0431\u0435\u0437\u043f\u0435\u0447\u0443\u0454 \u0442\u0435, \u043f\u0440\u043e \u0449\u043e \u0433\u043e\u0432\u043e\u0440\u0438\u0442\u044c W1NGS, \u0442\u043e\u0431\u0442\u043e \u043a\u043b\u0435\u0439, \u043a\u043e\u043c\u0444\u043e\u0440\u0442 \u0442\u0430 \u0441\u0442\u0438\u043b\u044c \u043d\u0430 \u043f\u043e\u043b\u0456. \u041a\u0440\u0456\u043c \u0442\u043e\u0433\u043e, \u0441\u0438\u043d\u0456\u0439 \u043a\u043e\u043b\u0456\u0440, \u043d\u0430\u0442\u0445\u043d\u0435\u043d\u043d\u0438\u0439 \u043a\u043e\u043b\u044c\u043e\u0440\u043e\u043c \u043d\u0435\u0431\u0430 \u043d\u0430\u0434 \u043f\u043e\u043b\u0435\u043c, \u0432\u0438\u0433\u043b\u044f\u0434\u0430\u0454 \u043f\u043e\u0437\u0430 \u0447\u0430\u0441\u043e\u043c, \u0430 \u0432\u0438\u043a\u043e\u0440\u0438\u0441\u0442\u0430\u043d\u043d\u044f \u0439\u043e\u0433\u043e \u0432 \u043f\u043e\u0454\u0434\u043d\u0430\u043d\u043d\u0456 \u0437 \u0447\u043e\u0440\u043d\u0438\u043c \u0444\u043e\u043d\u043e\u043c \u0434\u043e\u0434\u0430\u0454 \u0441\u0443\u0447\u0430\u0441\u043d\u043e\u0441\u0442\u0456 \u0432\u0438\u0433\u043b\u044f\u0434\u0443 \u0440\u0443\u043a\u0430\u0432\u0438\u0446\u044c.<\/p>\n<div class=\"margin-vertical margin-medium\">\n<div class=\"text-size-regular\">\u041a\u043b\u0430\u0446\u043d\u0456\u0442\u044c \u0456 \u043f\u043e\u0434\u0438\u0432\u0456\u0442\u044c\u0441\u044f <a class=\"ct-link-text text-color-red-link\" href=\"https:\/\/w1ngs.pl\/wp-content\/uploads\/2024\/01\/tabela-rozmiarow-kids.jpg\" target=\"_blank\" rel=\"noopener\">\u0442\u0430\u0431\u043b\u0438\u0446\u044f \u0440\u043e\u0437\u043c\u0456\u0440\u0456\u0432<\/a><\/div>\n<\/div>","protected":false},"excerpt":{"rendered":"<p>R\u0119kawice HEXA FLUX stworzone zosta\u0142y z ogromnej pasji, \u0142\u0105cz\u0105c nowoczesny design z wysok\u0105 jako\u015bci\u0105, za przyst\u0119pn\u0105 cen\u0119. W W1NGS wierzymy, \u017ce te parametry nie musz\u0105 si\u0119 wyklucza\u0107! HEXA FLUX to nasza propozycja na najpopularniejszy na rynku kr\u00f3j Negative. FLUX zapewnia to czym charakteryzuje si\u0119 W1NGS, tzn. klej, wygod\u0119 i styl na boisku. Dodatkowo niebieski kolor [&hellip;]<\/p>\n","protected":false},"featured_media":467,"template":"","meta":{"_acf_changed":false},"product_brand":[],"product_cat":[23,29],"product_tag":[],"class_list":{"0":"post-470","1":"product","2":"type-product","3":"status-publish","4":"has-post-thumbnail","6":"product_cat-rekawice-bramkarskie","7":"product_cat-rekawice-hexa","9":"first","10":"instock","11":"taxable","12":"shipping-taxable","13":"purchasable","14":"product-type-variable","15":"has-default-attributes"},"acf":[],"_links":{"self":[{"href":"https:\/\/w1ngs.pl\/ua\/wp-json\/wp\/v2\/product\/470","targetHints":{"allow":["GET"]}}],"collection":[{"href":"https:\/\/w1ngs.pl\/ua\/wp-json\/wp\/v2\/product"}],"about":[{"href":"https:\/\/w1ngs.pl\/ua\/wp-json\/wp\/v2\/types\/product"}],"wp:featuredmedia":[{"embeddable":true,"href":"https:\/\/w1ngs.pl\/ua\/wp-json\/wp\/v2\/media\/467"}],"wp:attachment":[{"href":"https:\/\/w1ngs.pl\/ua\/wp-json\/wp\/v2\/media?parent=470"}],"wp:term":[{"taxonomy":"product_brand","embeddable":true,"href":"https:\/\/w1ngs.pl\/ua\/wp-json\/wp\/v2\/product_brand?post=470"},{"taxonomy":"product_cat","embeddable":true,"href":"https:\/\/w1ngs.pl\/ua\/wp-json\/wp\/v2\/product_cat?post=470"},{"taxonomy":"product_tag","embeddable":true,"href":"https:\/\/w1ngs.pl\/ua\/wp-json\/wp\/v2\/product_tag?post=470"}],"curies":[{"name":"wp","href":"https:\/\/api.w.org\/{rel}","templated":true}]}}