{"id":2,"date":"2023-04-08T14:05:16","date_gmt":"2023-04-08T12:05:16","guid":{"rendered":"https:\/\/w1ngs.pl\/?page_id=2"},"modified":"2023-04-08T14:05:16","modified_gmt":"2023-04-08T12:05:16","slug":"%d0%bf%d1%80%d0%b8%d0%ba%d0%bb%d0%b0%d0%b4-%d1%81%d1%82%d0%be%d1%80%d1%96%d0%bd%d0%ba%d0%b8","status":"publish","type":"page","link":"https:\/\/w1ngs.pl\/ua\/przykladowa-strona\/","title":{"rendered":"Przyk\u0142adowa strona"},"content":{"rendered":"<p>\u041f\u0440\u0438\u043a\u043b\u0430\u0434 \u0441\u0442\u043e\u0440\u0456\u043d\u043a\u0438. \u0421\u0442\u043e\u0440\u0456\u043d\u043a\u0438 \u0432\u0456\u0434\u0440\u0456\u0437\u043d\u044f\u044e\u0442\u044c\u0441\u044f \u0432\u0456\u0434 \u043f\u043e\u0441\u0442\u0456\u0432 \u0431\u043b\u043e\u0433\u0443 \u0442\u0438\u043c, \u0449\u043e \u0432\u043e\u043d\u0438 \u043d\u0435 \u0442\u0456\u043b\u044c\u043a\u0438 \u0437\u0430\u0432\u0436\u0434\u0438 \u0437\u043d\u0430\u0445\u043e\u0434\u044f\u0442\u044c\u0441\u044f \u0432 \u043e\u0434\u043d\u043e\u043c\u0443 \u043c\u0456\u0441\u0446\u0456, \u0430\u043b\u0435 \u0439 \u0437'\u044f\u0432\u043b\u044f\u044e\u0442\u044c\u0441\u044f \u0432 \u043c\u0435\u043d\u044e \u0441\u0430\u0439\u0442\u0443 (\u0432 \u0431\u0456\u043b\u044c\u0448\u043e\u0441\u0442\u0456 \u0442\u0435\u043c). \u0411\u0456\u043b\u044c\u0448\u0456\u0441\u0442\u044c \u043a\u043e\u0440\u0438\u0441\u0442\u0443\u0432\u0430\u0447\u0456\u0432 \u043f\u043e\u0447\u0438\u043d\u0430\u044e\u0442\u044c \u0437\u0456 \u0441\u0442\u043e\u0440\u0456\u043d\u043a\u0438 \u0437 \u0456\u043d\u0444\u043e\u0440\u043c\u0430\u0446\u0456\u0454\u044e \u043f\u0440\u043e \u0441\u0435\u0431\u0435, \u044f\u043a\u0430 \u043f\u0440\u0435\u0434\u0441\u0442\u0430\u0432\u043b\u044f\u0454 \u0457\u0445 \u0432\u0456\u0434\u0432\u0456\u0434\u0443\u0432\u0430\u0447\u0430\u043c \u0441\u0430\u0439\u0442\u0443. \u0422\u0430\u043a\u0430 \u0441\u0442\u043e\u0440\u0456\u043d\u043a\u0430 \u043c\u043e\u0436\u0435 \u043c\u0456\u0441\u0442\u0438\u0442\u0438, \u043d\u0430\u043f\u0440\u0438\u043a\u043b\u0430\u0434, \u0442\u0430\u043a\u0438\u0439 \u043a\u043e\u043d\u0442\u0435\u043d\u0442:<\/p>\n\n\n\n<blockquote class=\"wp-block-quote is-layout-flow wp-block-quote-is-layout-flow\"><p>\u041f\u0440\u0438\u0432\u0456\u0442, \u0432\u0434\u0435\u043d\u044c \u044f \u043f\u0440\u0430\u0446\u044e\u044e \u0432\u0435\u043b\u043e\u043a\u0443\u0440'\u0454\u0440\u043e\u043c, \u0430 \u0432\u043d\u043e\u0447\u0456 \u043f\u0440\u043e\u0431\u0443\u044e \u0441\u0432\u043e\u0457 \u0441\u0438\u043b\u0438 \u0432 \u0430\u043a\u0442\u043e\u0440\u0441\u044c\u043a\u0456\u0439 \u043c\u0430\u0439\u0441\u0442\u0435\u0440\u043d\u043e\u0441\u0442\u0456, \u0456 \u0446\u0435 \u043c\u0456\u0439 \u0441\u0430\u0439\u0442. \u042f \u0436\u0438\u0432\u0443 \u0432 \u041a\u0440\u0430\u043a\u043e\u0432\u0456, \u043c\u0430\u044e \u0447\u0443\u0434\u043e\u0432\u043e\u0433\u043e \u043f\u0441\u0430 \u043d\u0430 \u0456\u043c'\u044f \u0420\u0435\u043a\u0441, \u043b\u044e\u0431\u043b\u044e \u043f\u0456\u043d\u0430-\u043a\u043e\u043b\u0430\u0434\u0443 (\u0456 \u043f\u0440\u043e\u0433\u0443\u043b\u044f\u043d\u043a\u0438 \u043f\u0456\u0434 \u0447\u0430\u0441 \u0434\u043e\u0449\u0443).<\/p><\/blockquote>\n\n\n\n<p>...\u0430\u0431\u043e \u0449\u043e\u0441\u044c \u043d\u0430 \u0437\u0440\u0430\u0437\u043e\u043a \u0442\u043e\u0433\u043e:<\/p>\n\n\n\n<blockquote class=\"wp-block-quote is-layout-flow wp-block-quote-is-layout-flow\"><p>\u041a\u043e\u043c\u043f\u0430\u043d\u0456\u044f XYZ Doohickey \u0431\u0443\u043b\u0430 \u0437\u0430\u0441\u043d\u043e\u0432\u0430\u043d\u0430 \u0432 1971 \u0440\u043e\u0446\u0456 \u0456 \u0432\u0456\u0434\u0442\u043e\u0434\u0456 \u0437\u0430\u0431\u0435\u0437\u043f\u0435\u0447\u0443\u0454 \u0433\u0440\u043e\u043c\u0430\u0434\u0441\u044c\u043a\u0456\u0441\u0442\u044c \u044f\u043a\u0456\u0441\u043d\u0438\u043c\u0438 \u0441\u043c\u0430\u043a\u043e\u043b\u0438\u043a\u0430\u043c\u0438. \u0420\u043e\u0437\u0442\u0430\u0448\u043e\u0432\u0430\u043d\u0430 \u0432 \u0413\u043e\u0442\u0435\u043c-\u0421\u0456\u0442\u0456, \u043a\u043e\u043c\u043f\u0430\u043d\u0456\u044f XYZ \u043d\u0430\u043b\u0456\u0447\u0443\u0454 \u043f\u043e\u043d\u0430\u0434 2 000 \u043f\u0440\u0430\u0446\u0456\u0432\u043d\u0438\u043a\u0456\u0432 \u0456 \u0440\u043e\u0431\u0438\u0442\u044c \u0434\u0438\u0432\u043e\u0432\u0438\u0436\u043d\u0456 \u0440\u0435\u0447\u0456 \u0434\u043b\u044f \u0433\u0440\u043e\u043c\u0430\u0434\u0438 \u0413\u043e\u0442\u0435\u043c\u0430.<\/p><\/blockquote>\n\n\n\n<p>\u042f\u043a \u043d\u043e\u0432\u043e\u043c\u0443 \u043a\u043e\u0440\u0438\u0441\u0442\u0443\u0432\u0430\u0447\u0435\u0432\u0456 WordPress, \u0432\u0430\u043c \u0441\u043b\u0456\u0434 \u043f\u0435\u0440\u0435\u0439\u0442\u0438 \u043d\u0430 <a href=\"https:\/\/w1ngs.pl\/wp-admin\/\">\u0439\u043e\u0433\u043e \u043a\u0430\u0431\u0456\u043d\u0430<\/a> \u0449\u043e\u0431 \u0432\u0438\u0434\u0430\u043b\u0438\u0442\u0438 \u0446\u044e \u0441\u0442\u043e\u0440\u0456\u043d\u043a\u0443 \u0456 \u0441\u0442\u0432\u043e\u0440\u0438\u0442\u0438 \u043d\u043e\u0432\u0443 \u0437 \u0432\u043b\u0430\u0441\u043d\u0438\u043c \u043a\u043e\u043d\u0442\u0435\u043d\u0442\u043e\u043c. \u041f\u0440\u0438\u0454\u043c\u043d\u043e\u0433\u043e \u043f\u0435\u0440\u0435\u0433\u043b\u044f\u0434\u0443!<\/p>","protected":false},"excerpt":{"rendered":"<p>Przyk\u0142adowa strona. Strony s\u0105 inne ni\u017c wpisy na blogu, poniewa\u017c nie tylko znajduj\u0105 si\u0119 zawsze w jednym miejscu, ale tak\u017ce pojawiaj\u0105 si\u0119 w menu witryny (w wi\u0119kszo\u015bci motyw\u00f3w). Wi\u0119kszo\u015b\u0107 u\u017cytkownik\u00f3w zaczyna od strony z informacjami o sobie, kt\u00f3ra zapozna ich przed odwiedzaj\u0105cymi witryn\u0119. Taka strona mo\u017ce zawiera\u0107 na przyk\u0142ad tak\u0105 tre\u015b\u0107: Cze\u015b\u0107! Za dnia jestem [&hellip;]<\/p>\n","protected":false},"author":1,"featured_media":0,"parent":0,"menu_order":0,"comment_status":"closed","ping_status":"open","template":"","meta":{"_acf_changed":false,"footnotes":""},"class_list":["post-2","page","type-page","status-publish","hentry"],"acf":[],"_links":{"self":[{"href":"https:\/\/w1ngs.pl\/ua\/wp-json\/wp\/v2\/pages\/2","targetHints":{"allow":["GET"]}}],"collection":[{"href":"https:\/\/w1ngs.pl\/ua\/wp-json\/wp\/v2\/pages"}],"about":[{"href":"https:\/\/w1ngs.pl\/ua\/wp-json\/wp\/v2\/types\/page"}],"author":[{"embeddable":true,"href":"https:\/\/w1ngs.pl\/ua\/wp-json\/wp\/v2\/users\/1"}],"replies":[{"embeddable":true,"href":"https:\/\/w1ngs.pl\/ua\/wp-json\/wp\/v2\/comments?post=2"}],"version-history":[{"count":0,"href":"https:\/\/w1ngs.pl\/ua\/wp-json\/wp\/v2\/pages\/2\/revisions"}],"wp:attachment":[{"href":"https:\/\/w1ngs.pl\/ua\/wp-json\/wp\/v2\/media?parent=2"}],"curies":[{"name":"wp","href":"https:\/\/api.w.org\/{rel}","templated":true}]}}