{"id":491,"date":"2024-01-25T21:09:40","date_gmt":"2024-01-25T20:09:40","guid":{"rendered":"https:\/\/w1ngs.pl\/?post_type=product&#038;p=491"},"modified":"2025-10-22T19:57:37","modified_gmt":"2025-10-22T17:57:37","slug":"gate-gloves-hexa-hg-6","status":"publish","type":"product","link":"https:\/\/w1ngs.pl\/en\/produkt\/rekawice-bramkarskie-hexa-hg-kids\/","title":{"rendered":"Hexa HG KIDS Goalkeeper Gloves"},"content":{"rendered":"<p class=\"margin-bottom margin-small\">We are proud to put the first glove model from the W1NGS brand into your hands! The HEXA HG gloves have been created with great passion, combining modern design with high quality, at an affordable price. At W1NGS, we believe that these parameters do not have to be mutually exclusive!<\/p>\n<p>The HEXA HG is a compression of everything that has delighted us in the myriad of tested, commercially available goalkeeper gloves of these worldwide, as well as regional brands, while improving all the parameters that needed solid refinement. Creating the HEXA HG glove was, we make no secret, quite a challenge - our road to perfection took many months, but it was worth it!<\/p>\n<div class=\"margin-vertical margin-medium\">\n<div class=\"text-size-regular\">Click and see <a class=\"ct-link-text text-color-red-link\" href=\"https:\/\/w1ngs.pl\/wp-content\/uploads\/2024\/01\/tabela-rozmiarow-kids.jpg\" target=\"_blank\" rel=\"noopener\">size chart<\/a><\/div>\n<\/div>","protected":false},"excerpt":{"rendered":"<p>Z dum\u0105 oddajemy w Twoje r\u0119ce pierwszy model r\u0119kawic marki W1NGS! R\u0119kawice HEXA HG stworzone zosta\u0142y z ogromnej pasji, \u0142\u0105cz\u0105c nowoczesny design z wysok\u0105 jako\u015bci\u0105, za przyst\u0119pn\u0105 cen\u0119. W W1NGS wierzymy, \u017ce te parametry nie musz\u0105 si\u0119 wyklucza\u0107! HEXA HG to skompresowanie wszystkiego tego, co zachwyca\u0142o nas w niezliczonej ilo\u015bci przetestowanych, dost\u0119pnych na rynku r\u0119kawic [&hellip;]<\/p>\n","protected":false},"featured_media":228,"template":"","meta":{"_acf_changed":false},"product_brand":[],"product_cat":[23,29],"product_tag":[],"class_list":{"0":"post-491","1":"product","2":"type-product","3":"status-publish","4":"has-post-thumbnail","6":"product_cat-rekawice-bramkarskie","7":"product_cat-rekawice-hexa","9":"first","10":"instock","11":"taxable","12":"shipping-taxable","13":"purchasable","14":"product-type-variable","15":"has-default-attributes"},"acf":[],"_links":{"self":[{"href":"https:\/\/w1ngs.pl\/en\/wp-json\/wp\/v2\/product\/491","targetHints":{"allow":["GET"]}}],"collection":[{"href":"https:\/\/w1ngs.pl\/en\/wp-json\/wp\/v2\/product"}],"about":[{"href":"https:\/\/w1ngs.pl\/en\/wp-json\/wp\/v2\/types\/product"}],"wp:featuredmedia":[{"embeddable":true,"href":"https:\/\/w1ngs.pl\/en\/wp-json\/wp\/v2\/media\/228"}],"wp:attachment":[{"href":"https:\/\/w1ngs.pl\/en\/wp-json\/wp\/v2\/media?parent=491"}],"wp:term":[{"taxonomy":"product_brand","embeddable":true,"href":"https:\/\/w1ngs.pl\/en\/wp-json\/wp\/v2\/product_brand?post=491"},{"taxonomy":"product_cat","embeddable":true,"href":"https:\/\/w1ngs.pl\/en\/wp-json\/wp\/v2\/product_cat?post=491"},{"taxonomy":"product_tag","embeddable":true,"href":"https:\/\/w1ngs.pl\/en\/wp-json\/wp\/v2\/product_tag?post=491"}],"curies":[{"name":"wp","href":"https:\/\/api.w.org\/{rel}","templated":true}]}}