{"id":477,"date":"2024-01-25T20:54:25","date_gmt":"2024-01-25T19:54:25","guid":{"rendered":"https:\/\/w1ngs.pl\/?post_type=product&#038;p=477"},"modified":"2024-12-25T00:27:56","modified_gmt":"2024-12-24T23:27:56","slug":"gate-gloves-hexa-hg-4","status":"publish","type":"product","link":"https:\/\/w1ngs.pl\/en\/produkt\/rekawice-bramkarskie-hexa-gm-green-monster\/","title":{"rendered":"HEXA GM Goalkeeper Gloves (Green Monster)"},"content":{"rendered":"<p class=\"margin-bottom margin-small\">The HEXA GM (Green Monster) gloves have been created with great passion, combining modern design with high quality, at an affordable price. At W1NGS, we believe that these parameters do not have to be mutually exclusive!<\/p>\n<p>HEXA GM (Green Monster) is our answer for goalkeepers who want the largest possible grip area on the glove, thanks to the Rollfinger cut. The Green Monster provides what the W1NGS is all about, i.e. glue, comfort and style on the pitch. The bright green colour, inspired by the colour of the pitch, despite the inspiration will allow you to stand out on the pitch. GM is the definition of more, better, stronger. Become the biggest fear of the opposing team's attackers with the green monster on your hands !<\/p>\n<div class=\"margin-vertical margin-medium\">\n<div class=\"text-size-regular\">Click and see <a class=\"ct-link-text text-color-red-link\" href=\"https:\/\/w1ngs.pl\/wp-content\/uploads\/2024\/01\/tabela-rozmiarow-dorosli.jpg\" target=\"_blank\" rel=\"noopener\">size chart<\/a><\/div>\n<\/div>","protected":false},"excerpt":{"rendered":"<p>R\u0119kawice HEXA GM (Green Monster) stworzone zosta\u0142y z ogromnej pasji, \u0142\u0105cz\u0105c nowoczesny design z wysok\u0105 jako\u015bci\u0105, za przyst\u0119pn\u0105 cen\u0119. W W1NGS wierzymy, \u017ce te parametry nie musz\u0105 si\u0119 wyklucza\u0107! HEXA GM (Green Monster) to nasza odpowied\u017a dla bramkarzy, kt\u00f3rzy chc\u0105 mie\u0107 jak najwi\u0119ksz\u0105 powierzchni\u0119 chwytn\u0105 na r\u0119kawicy, dzi\u0119ki zastosowaniu kroju Rollfinger. Green Monster zapewnia to [&hellip;]<\/p>\n","protected":false},"featured_media":497,"template":"","meta":{"_acf_changed":false},"product_brand":[],"product_cat":[23,29],"product_tag":[],"class_list":{"0":"post-477","1":"product","2":"type-product","3":"status-publish","4":"has-post-thumbnail","6":"product_cat-rekawice-bramkarskie","7":"product_cat-rekawice-hexa","9":"first","10":"instock","11":"taxable","12":"shipping-taxable","13":"purchasable","14":"product-type-variable","15":"has-default-attributes"},"acf":[],"_links":{"self":[{"href":"https:\/\/w1ngs.pl\/en\/wp-json\/wp\/v2\/product\/477","targetHints":{"allow":["GET"]}}],"collection":[{"href":"https:\/\/w1ngs.pl\/en\/wp-json\/wp\/v2\/product"}],"about":[{"href":"https:\/\/w1ngs.pl\/en\/wp-json\/wp\/v2\/types\/product"}],"wp:featuredmedia":[{"embeddable":true,"href":"https:\/\/w1ngs.pl\/en\/wp-json\/wp\/v2\/media\/497"}],"wp:attachment":[{"href":"https:\/\/w1ngs.pl\/en\/wp-json\/wp\/v2\/media?parent=477"}],"wp:term":[{"taxonomy":"product_brand","embeddable":true,"href":"https:\/\/w1ngs.pl\/en\/wp-json\/wp\/v2\/product_brand?post=477"},{"taxonomy":"product_cat","embeddable":true,"href":"https:\/\/w1ngs.pl\/en\/wp-json\/wp\/v2\/product_cat?post=477"},{"taxonomy":"product_tag","embeddable":true,"href":"https:\/\/w1ngs.pl\/en\/wp-json\/wp\/v2\/product_tag?post=477"}],"curies":[{"name":"wp","href":"https:\/\/api.w.org\/{rel}","templated":true}]}}