{"id":452,"date":"2024-01-25T13:46:21","date_gmt":"2024-01-25T12:46:21","guid":{"rendered":"https:\/\/w1ngs.pl\/?post_type=product&#038;p=452"},"modified":"2024-12-25T00:27:56","modified_gmt":"2024-12-24T23:27:56","slug":"gate-gloves-hexa-hg-2","status":"publish","type":"product","link":"https:\/\/w1ngs.pl\/en\/produkt\/rekawice-bramkarskie-hexa-flux\/","title":{"rendered":"HEXA FLUX Goalkeeper Gloves"},"content":{"rendered":"<p class=\"margin-bottom margin-small\">The HEXA FLUX gloves have been created with great passion, combining modern design with high quality, at an affordable price. At W1NGS, we believe that these parameters do not have to be mutually exclusive!<\/p>\n<p>HEXA FLUX is our take on the most popular Negative cut on the market. FLUX provides what the W1NGS is all about, i.e. glue, comfort and style on the pitch. In addition, the blue colour inspired by the colour of the sky above the pitch looks timeless, and using it in combination with a black background adds a modern twist to the look of the glove.<\/p>\n<div class=\"margin-vertical margin-medium\">\n<div class=\"text-size-regular\">Click and see <a class=\"ct-link-text text-color-red-link\" href=\"https:\/\/w1ngs.pl\/wp-content\/uploads\/2024\/01\/tabela-rozmiarow-dorosli.jpg\" target=\"_blank\" rel=\"noopener\">size chart<\/a><\/div>\n<\/div>","protected":false},"excerpt":{"rendered":"<p>R\u0119kawice HEXA FLUX stworzone zosta\u0142y z ogromnej pasji, \u0142\u0105cz\u0105c nowoczesny design z wysok\u0105 jako\u015bci\u0105, za przyst\u0119pn\u0105 cen\u0119. W W1NGS wierzymy, \u017ce te parametry nie musz\u0105 si\u0119 wyklucza\u0107! HEXA FLUX to nasza propozycja na najpopularniejszy na rynku kr\u00f3j Negative. FLUX zapewnia to czym charakteryzuje si\u0119 W1NGS, tzn. klej, wygod\u0119 i styl na boisku. Dodatkowo niebieski kolor [&hellip;]<\/p>\n","protected":false},"featured_media":467,"template":"","meta":{"_acf_changed":false},"product_brand":[],"product_cat":[23,29],"product_tag":[],"class_list":{"0":"post-452","1":"product","2":"type-product","3":"status-publish","4":"has-post-thumbnail","6":"product_cat-rekawice-bramkarskie","7":"product_cat-rekawice-hexa","9":"first","10":"instock","11":"taxable","12":"shipping-taxable","13":"purchasable","14":"product-type-variable","15":"has-default-attributes"},"acf":[],"_links":{"self":[{"href":"https:\/\/w1ngs.pl\/en\/wp-json\/wp\/v2\/product\/452","targetHints":{"allow":["GET"]}}],"collection":[{"href":"https:\/\/w1ngs.pl\/en\/wp-json\/wp\/v2\/product"}],"about":[{"href":"https:\/\/w1ngs.pl\/en\/wp-json\/wp\/v2\/types\/product"}],"wp:featuredmedia":[{"embeddable":true,"href":"https:\/\/w1ngs.pl\/en\/wp-json\/wp\/v2\/media\/467"}],"wp:attachment":[{"href":"https:\/\/w1ngs.pl\/en\/wp-json\/wp\/v2\/media?parent=452"}],"wp:term":[{"taxonomy":"product_brand","embeddable":true,"href":"https:\/\/w1ngs.pl\/en\/wp-json\/wp\/v2\/product_brand?post=452"},{"taxonomy":"product_cat","embeddable":true,"href":"https:\/\/w1ngs.pl\/en\/wp-json\/wp\/v2\/product_cat?post=452"},{"taxonomy":"product_tag","embeddable":true,"href":"https:\/\/w1ngs.pl\/en\/wp-json\/wp\/v2\/product_tag?post=452"}],"curies":[{"name":"wp","href":"https:\/\/api.w.org\/{rel}","templated":true}]}}