{"id":2,"date":"2023-04-08T14:05:16","date_gmt":"2023-04-08T12:05:16","guid":{"rendered":"https:\/\/w1ngs.pl\/?page_id=2"},"modified":"2023-04-08T14:05:16","modified_gmt":"2023-04-08T12:05:16","slug":"sample-page","status":"publish","type":"page","link":"https:\/\/w1ngs.pl\/en\/przykladowa-strona\/","title":{"rendered":"Przyk\u0142adowa strona"},"content":{"rendered":"<p>Example page. Pages are different to blog posts in that not only are they always in one place, but they also appear in the site menu (in most themes). Most users start with a page of information about themselves, which will introduce them to visitors to the site. Such a page might include content like this, for example:<\/p>\n\n\n\n<blockquote class=\"wp-block-quote is-layout-flow wp-block-quote-is-layout-flow\"><p>Hi, by day I am a bicycle courier, by night I try my hand at acting, and this is my website. I live in Krakow, I have a wonderful dog whose name is Reks and I like pi\u00f1a coladas (and walks when it rains).<\/p><\/blockquote>\n\n\n\n<p>...or something like that:<\/p>\n\n\n\n<blockquote class=\"wp-block-quote is-layout-flow wp-block-quote-is-layout-flow\"><p>XYZ Doohickey was founded in 1971 and has been providing the public with quality goodies ever since. Located in Gotham City, XYZ employs over 2,000 people and does amazing things for the Gotham community.<\/p><\/blockquote>\n\n\n\n<p>As a new WordPress user, you should go to <a href=\"https:\/\/w1ngs.pl\/wp-admin\/\">its cockpit<\/a> to delete this page and create a new one with your own content. Have fun!<\/p>","protected":false},"excerpt":{"rendered":"<p>Przyk\u0142adowa strona. Strony s\u0105 inne ni\u017c wpisy na blogu, poniewa\u017c nie tylko znajduj\u0105 si\u0119 zawsze w jednym miejscu, ale tak\u017ce pojawiaj\u0105 si\u0119 w menu witryny (w wi\u0119kszo\u015bci motyw\u00f3w). Wi\u0119kszo\u015b\u0107 u\u017cytkownik\u00f3w zaczyna od strony z informacjami o sobie, kt\u00f3ra zapozna ich przed odwiedzaj\u0105cymi witryn\u0119. Taka strona mo\u017ce zawiera\u0107 na przyk\u0142ad tak\u0105 tre\u015b\u0107: Cze\u015b\u0107! Za dnia jestem [&hellip;]<\/p>\n","protected":false},"author":1,"featured_media":0,"parent":0,"menu_order":0,"comment_status":"closed","ping_status":"open","template":"","meta":{"_acf_changed":false,"footnotes":""},"class_list":["post-2","page","type-page","status-publish","hentry"],"acf":[],"_links":{"self":[{"href":"https:\/\/w1ngs.pl\/en\/wp-json\/wp\/v2\/pages\/2","targetHints":{"allow":["GET"]}}],"collection":[{"href":"https:\/\/w1ngs.pl\/en\/wp-json\/wp\/v2\/pages"}],"about":[{"href":"https:\/\/w1ngs.pl\/en\/wp-json\/wp\/v2\/types\/page"}],"author":[{"embeddable":true,"href":"https:\/\/w1ngs.pl\/en\/wp-json\/wp\/v2\/users\/1"}],"replies":[{"embeddable":true,"href":"https:\/\/w1ngs.pl\/en\/wp-json\/wp\/v2\/comments?post=2"}],"version-history":[{"count":0,"href":"https:\/\/w1ngs.pl\/en\/wp-json\/wp\/v2\/pages\/2\/revisions"}],"wp:attachment":[{"href":"https:\/\/w1ngs.pl\/en\/wp-json\/wp\/v2\/media?parent=2"}],"curies":[{"name":"wp","href":"https:\/\/api.w.org\/{rel}","templated":true}]}}